{"id":2,"date":"2016-05-16T10:39:34","date_gmt":"2016-05-16T08:39:34","guid":{"rendered":"http:\/\/sigeko.expert\/wordpress\/?page_id=2"},"modified":"2019-04-23T19:42:14","modified_gmt":"2019-04-23T17:42:14","slug":"home","status":"publish","type":"page","link":"https:\/\/sigeko.expert\/wordpress\/","title":{"rendered":"Willkommen bei sigeko.expert."},"content":{"rendered":"<p>Wir sind die Spzialisten f\u00fcr Sicherheit am Bau.<\/p>\n<p>Der <b>Sicherheits- und Gesundheitsschutzkoordinator<\/b> (SiGeKo) wird vom Bauherrn f\u00fcr <a title=\"Baustelle\" href=\"https:\/\/de.wikipedia.org\/wiki\/Baustelle\">Baustellen<\/a> bestellt, sofern Besch\u00e4ftigte mehrerer Unternehmer (Gewerke) auf der Baustelle t\u00e4tig werden.<\/p>\n<p>Der SiGe-Koordinator \u00fcbernimmt nach <span class=\"plainlinks-print\"><a class=\"external text\" href=\"https:\/\/www.gesetze-im-internet.de\/baustellv\/__3.html\" rel=\"nofollow\">\u00a7\u00a03<\/a><\/span> der <a title=\"Baustellenverordnung\" href=\"https:\/\/de.wikipedia.org\/wiki\/Baustellenverordnung\">BaustellV<\/a> (<i>Verordnung \u00fcber Sicherheit und Gesundheitsschutz auf Baustellen.<\/i>) Aufgaben w\u00e4hrend der Planung und Ausf\u00fchrung von Bauvorhaben. Er hat die erforderlichen Ma\u00dfnahmen der Arbeitssicherheit und des Gesundheitsschutzes festzulegen, zu koordinieren und ihre Einhaltung zu \u00fcberpr\u00fcfen. Der Bauherr wird durch die Bestellung eines geeigneten Koordinators nicht von seiner Verantwortung entbunden, seine Verpflichtungen nach BaustellV zu erf\u00fcllen (\u00a7 3 Abs. 1a BaustellV).<\/p>\n<p>Alles Weitere erfahren Sie hier demn\u00e4chst auf dieser <a href=\"https:\/\/sigeko.expert\/wordpress\/sigeko\/\">Website<\/a>.<\/p>\n","protected":false},"excerpt":{"rendered":"<p>Wir sind die Spzialisten f\u00fcr Sicherheit am Bau. Der Sicherheits- und Gesundheitsschutzkoordinator (SiGeKo) wird vom Bauherrn f\u00fcr Baustellen bestellt, sofern Besch\u00e4ftigte mehrerer Unternehmer (Gewerke) auf der Baustelle t\u00e4tig werden. Der SiGe-Koordinator \u00fcbernimmt nach \u00a7\u00a03 der BaustellV (Verordnung \u00fcber Sicherheit und Gesundheitsschutz auf Baustellen.) Aufgaben w\u00e4hrend der Planung und Ausf\u00fchrung von Bauvorhaben. Er hat die erforderlichen &hellip; <\/p>\n<p class=\"link-more\"><a href=\"https:\/\/sigeko.expert\/wordpress\/\" class=\"more-link\"><span class=\"screen-reader-text\">\u201eWillkommen bei sigeko.expert.\u201c <\/span>weiterlesen<\/a><\/p>\n","protected":false},"author":1,"featured_media":0,"parent":0,"menu_order":0,"comment_status":"closed","ping_status":"open","template":"","meta":{"footnotes":""},"class_list":["post-2","page","type-page","status-publish","hentry"],"_links":{"self":[{"href":"https:\/\/sigeko.expert\/wordpress\/wp-json\/wp\/v2\/pages\/2","targetHints":{"allow":["GET"]}}],"collection":[{"href":"https:\/\/sigeko.expert\/wordpress\/wp-json\/wp\/v2\/pages"}],"about":[{"href":"https:\/\/sigeko.expert\/wordpress\/wp-json\/wp\/v2\/types\/page"}],"author":[{"embeddable":true,"href":"https:\/\/sigeko.expert\/wordpress\/wp-json\/wp\/v2\/users\/1"}],"replies":[{"embeddable":true,"href":"https:\/\/sigeko.expert\/wordpress\/wp-json\/wp\/v2\/comments?post=2"}],"version-history":[{"count":5,"href":"https:\/\/sigeko.expert\/wordpress\/wp-json\/wp\/v2\/pages\/2\/revisions"}],"predecessor-version":[{"id":114,"href":"https:\/\/sigeko.expert\/wordpress\/wp-json\/wp\/v2\/pages\/2\/revisions\/114"}],"wp:attachment":[{"href":"https:\/\/sigeko.expert\/wordpress\/wp-json\/wp\/v2\/media?parent=2"}],"curies":[{"name":"wp","href":"https:\/\/api.w.org\/{rel}","templated":true}]}}