{"id":17,"date":"2017-11-01T16:05:47","date_gmt":"2017-11-01T15:05:47","guid":{"rendered":"https:\/\/www.sigeko.expert\/?page_id=17"},"modified":"2017-11-01T16:05:47","modified_gmt":"2017-11-01T15:05:47","slug":"ansprechpartner","status":"publish","type":"page","link":"https:\/\/sigeko.expert\/wordpress\/ansprechpartner\/","title":{"rendered":"Ansprechpartner"},"content":{"rendered":"<p>Als Sicherheits- und Gesundheitskoordinator (SiGeKo) steht ihnen Dipl.-Ing. Thomas Gaul als unser Ansprechpartner zur Verf\u00fcgung.<\/p>\n<p>&nbsp;<\/p>\n<p>Als Bauingenieur verf\u00fcgt er zus\u00e4tzlich \u00fcber eine langj\u00e4hrige Erfahrung durch die Bauleitung in den verschiedenen Gewerken unterschiedlichster Gr\u00f6\u00dfe im Stra\u00dfen-, Tief,- und Hochbau bundesweit.<\/p>\n<p>F\u00fcr R\u00fcckfragen erreichen Sie Herrn Gaul unter:<\/p>\n<p><a href=\"mailto:info@sigeko.expert\">info@sigeko.expert<\/a><\/p>\n<p>Mobiltelefonnummer: +49 (0) 152 33 92 27 26<\/p>\n<p>Und bitte denken Sie daran, ein SiGeKo sollte bereits in der Planungsphase einbezogen werden.<\/p>\n<p>Es spart im Endeffekt eines: <em>Ihr Geld!<\/em><\/p>\n","protected":false},"excerpt":{"rendered":"<p>Als Sicherheits- und Gesundheitskoordinator (SiGeKo) steht ihnen Dipl.-Ing. Thomas Gaul als unser Ansprechpartner zur Verf\u00fcgung. &nbsp; Als Bauingenieur verf\u00fcgt er zus\u00e4tzlich \u00fcber eine langj\u00e4hrige Erfahrung durch die Bauleitung in den verschiedenen Gewerken unterschiedlichster Gr\u00f6\u00dfe im Stra\u00dfen-, Tief,- und Hochbau bundesweit. F\u00fcr R\u00fcckfragen erreichen Sie Herrn Gaul unter: info@sigeko.expert Mobiltelefonnummer: +49 (0) 152 33 92 27 &hellip; <\/p>\n<p class=\"link-more\"><a href=\"https:\/\/sigeko.expert\/wordpress\/ansprechpartner\/\" class=\"more-link\"><span class=\"screen-reader-text\">\u201eAnsprechpartner\u201c <\/span>weiterlesen<\/a><\/p>\n","protected":false},"author":2,"featured_media":0,"parent":0,"menu_order":5,"comment_status":"closed","ping_status":"closed","template":"","meta":{"footnotes":""},"class_list":["post-17","page","type-page","status-publish","hentry"],"_links":{"self":[{"href":"https:\/\/sigeko.expert\/wordpress\/wp-json\/wp\/v2\/pages\/17","targetHints":{"allow":["GET"]}}],"collection":[{"href":"https:\/\/sigeko.expert\/wordpress\/wp-json\/wp\/v2\/pages"}],"about":[{"href":"https:\/\/sigeko.expert\/wordpress\/wp-json\/wp\/v2\/types\/page"}],"author":[{"embeddable":true,"href":"https:\/\/sigeko.expert\/wordpress\/wp-json\/wp\/v2\/users\/2"}],"replies":[{"embeddable":true,"href":"https:\/\/sigeko.expert\/wordpress\/wp-json\/wp\/v2\/comments?post=17"}],"version-history":[{"count":9,"href":"https:\/\/sigeko.expert\/wordpress\/wp-json\/wp\/v2\/pages\/17\/revisions"}],"predecessor-version":[{"id":68,"href":"https:\/\/sigeko.expert\/wordpress\/wp-json\/wp\/v2\/pages\/17\/revisions\/68"}],"wp:attachment":[{"href":"https:\/\/sigeko.expert\/wordpress\/wp-json\/wp\/v2\/media?parent=17"}],"curies":[{"name":"wp","href":"https:\/\/api.w.org\/{rel}","templated":true}]}}